{"id":10278,"date":"2023-11-09T19:55:14","date_gmt":"2023-11-09T19:55:14","guid":{"rendered":"https:\/\/ravedrugstore.com\/?post_type=product&#038;p=10278"},"modified":"2026-02-25T22:57:55","modified_gmt":"2026-02-25T22:57:55","slug":"1-tobacco-shop-case-2","status":"publish","type":"product","link":"https:\/\/ravedrugstore.com\/en\/shop\/1-tobacco-shop-case-2\/","title":{"rendered":"1 &#8211; TOBACCO SHOP CASE"},"content":{"rendered":"<h4><strong>NIGHT ICONS SSW 23-24<\/strong><\/h4>\n<h5 class=\"p1\">Hasta hace poco, los estancos eran el \u00fanico establecimiento comercial obligado a abrir todos los d\u00edas y festivos del a\u00f1o en Espa\u00f1a. Porque?<span class=\"Apple-converted-space\">\u00a0<\/span><\/h5>\n<p class=\"p1\"><em>Son locales autorizados por el Estado para la venta de tabaco y otros productos de primera necesidad como los sellos.<\/em><\/p>\n<p class=\"p1\"><em>Se remontan al siglo XVI, donde el tabaco era un producto solo para ricos, y el rey estableci\u00f3 el monopolio del estado sobre su venta.<span class=\"Apple-converted-space\">\u00a0<\/span><\/em><\/p>\n<p class=\"p1\"><em>En el siglo XIX se abrieron estancos en todoss los pueblos y ciudades, convirti\u00e9ndose as\u00ed en lugares de encuentro y en iconos iluminados cada noches.<span class=\"Apple-converted-space\">\u00a0<\/span><\/em><\/p>\n<h6><b>Nuestros accesorios est\u00e1n fabricadas con la m\u00e1xima calidad disponible en nuestros proveedores.<\/b><\/h6>\n<p>ANTE PU envejecido a mano con pincel para un tacto \u00fanico.<\/p>\n<p>Incluye 2 bolsillos, cierre metalico y espacios dise\u00f1ados para el papel y la piedra de prensar \ud83d\ude09<\/p>\n<p>Unidades limitadas.<\/p>\n<p><strong>Incluye el sticker TOBACCO SHOP y el mapa con los distintos puntos del viaje nocturno <\/strong>(Premio para el primer explorador que lo complete)<\/p>\n<p>&nbsp;<\/p>","protected":false},"excerpt":{"rendered":"<h5><strong>PRIMERA PARADA DE NUESTRO VIAJE NOCTURNO!<\/strong><\/h5>\n<h6>La funda para tabaco de liar DRUGSTORE es una de nuestras obras maestras, un homenaje a los fumadores del grupo y a los estancos y estanqueros tan presentes en todas nuestras noches.<\/h6>\n<p>TACTO ANTE &#8211; PRE-ENVEJECIDA A MANO &#8211; Resistente a l\u00edquidos &#8211; M\u00c1XIMA CALIDAD<\/p>\n<p>INCLUYE TODOS LOS ESPACIOS NECESARIOS QUE UN FUMADOR NECESITA.<\/p>\n<p><strong>Solo 300 unidades disponibles!<\/strong><\/p>\n<h6><\/h6>","protected":false},"featured_media":10276,"comment_status":"open","ping_status":"closed","template":"","meta":{"_monsterinsights_skip_tracking":false,"_monsterinsights_sitenote_active":false,"_monsterinsights_sitenote_note":"","_monsterinsights_sitenote_category":0},"product_cat":[296,151,161],"product_tag":[],"_links":{"self":[{"href":"https:\/\/ravedrugstore.com\/en\/wp-json\/wp\/v2\/product\/10278"}],"collection":[{"href":"https:\/\/ravedrugstore.com\/en\/wp-json\/wp\/v2\/product"}],"about":[{"href":"https:\/\/ravedrugstore.com\/en\/wp-json\/wp\/v2\/types\/product"}],"replies":[{"embeddable":true,"href":"https:\/\/ravedrugstore.com\/en\/wp-json\/wp\/v2\/comments?post=10278"}],"wp:featuredmedia":[{"embeddable":true,"href":"https:\/\/ravedrugstore.com\/en\/wp-json\/wp\/v2\/media\/10276"}],"wp:attachment":[{"href":"https:\/\/ravedrugstore.com\/en\/wp-json\/wp\/v2\/media?parent=10278"}],"wp:term":[{"taxonomy":"product_cat","embeddable":true,"href":"https:\/\/ravedrugstore.com\/en\/wp-json\/wp\/v2\/product_cat?post=10278"},{"taxonomy":"product_tag","embeddable":true,"href":"https:\/\/ravedrugstore.com\/en\/wp-json\/wp\/v2\/product_tag?post=10278"}],"curies":[{"name":"wp","href":"https:\/\/api.w.org\/{rel}","templated":true}]}}