{"id":10283,"date":"2023-11-09T20:15:46","date_gmt":"2023-11-09T20:15:46","guid":{"rendered":"https:\/\/ravedrugstore.com\/?post_type=product&#038;p=10283"},"modified":"2024-06-13T19:22:27","modified_gmt":"2024-06-13T19:22:27","slug":"1-tobacco-shop-fullpack","status":"publish","type":"product","link":"https:\/\/ravedrugstore.com\/en\/shop\/1-tobacco-shop-fullpack\/","title":{"rendered":"1 &#8211; TOBACCO SHOP FULL PACK"},"content":{"rendered":"<h4><strong>NIGHT ICONS SSW 23-24<\/strong><\/h4>\n<h5 class=\"p1\">Hasta hace poco, los estancos eran el \u00fanico establecimiento comercial obligado a abrir todos los d\u00edas y festivos del a\u00f1o en Espa\u00f1a. Porque?<span class=\"Apple-converted-space\">\u00a0<\/span><\/h5>\n<p class=\"p1\"><em>Son locales autorizados por el Estado para la venta de tabaco y otros productos de primera necesidad como los sellos.<\/em><\/p>\n<p class=\"p1\"><em>Se remontan al siglo XVI, donde el tabaco era un producto solo para ricos, y el rey estableci\u00f3 el monopolio del estado sobre su venta.<span class=\"Apple-converted-space\">\u00a0<\/span><\/em><\/p>\n<p class=\"p1\"><em>En el siglo XIX se abrieron estancos en todoss los pueblos y ciudades, convirti\u00e9ndose as\u00ed en lugares de encuentro y en iconos iluminados cada noches.<span class=\"Apple-converted-space\">\u00a0<\/span><\/em><\/p>\n<h6><b>Nuestro Pack est\u00e1 fabricado con la m\u00e1xima calidad disponible en nuestros proveedores.<\/b><\/h6>\n<p>Compuesto por: TEE, SWEATSHIRT, CASE, ASHTRAY &amp; LIGHTER<\/p>\n<p>Unidades limitadas.<\/p>\n<p><strong>Incluye el sticker TOBACCO SHOP y el mapa con los distintos puntos del viaje nocturno <\/strong>(Premio para el primer explorador que lo complete)<\/p>\n<p>&nbsp;<\/p>","protected":false},"excerpt":{"rendered":"<h5><strong>VALORADO EN 130\u20ac &#8211; INCLUYE UN REGALO \u00daNICO Y SECRETO. &#8211; ENVIO GRATUiTO.<\/strong><\/h5>\n<h6>El mayor homenaje a los fumadores del grupo y a los estancos y estanqueros tan presentes en todas nuestras noches.<\/h6>\n<p>TEE &#8211; SWEATSHIRT &#8211; CASE &#8211; ASHTRAY &#8211; LIGHTER<\/p>\n<p><strong>Solo 25 unidades disponibles!<\/strong><\/p>\n<h6><\/h6>","protected":false},"featured_media":10284,"comment_status":"open","ping_status":"closed","template":"","meta":{"_monsterinsights_skip_tracking":false,"_monsterinsights_sitenote_active":false,"_monsterinsights_sitenote_note":"","_monsterinsights_sitenote_category":0},"product_cat":[296,151,161],"product_tag":[],"_links":{"self":[{"href":"https:\/\/ravedrugstore.com\/en\/wp-json\/wp\/v2\/product\/10283"}],"collection":[{"href":"https:\/\/ravedrugstore.com\/en\/wp-json\/wp\/v2\/product"}],"about":[{"href":"https:\/\/ravedrugstore.com\/en\/wp-json\/wp\/v2\/types\/product"}],"replies":[{"embeddable":true,"href":"https:\/\/ravedrugstore.com\/en\/wp-json\/wp\/v2\/comments?post=10283"}],"wp:featuredmedia":[{"embeddable":true,"href":"https:\/\/ravedrugstore.com\/en\/wp-json\/wp\/v2\/media\/10284"}],"wp:attachment":[{"href":"https:\/\/ravedrugstore.com\/en\/wp-json\/wp\/v2\/media?parent=10283"}],"wp:term":[{"taxonomy":"product_cat","embeddable":true,"href":"https:\/\/ravedrugstore.com\/en\/wp-json\/wp\/v2\/product_cat?post=10283"},{"taxonomy":"product_tag","embeddable":true,"href":"https:\/\/ravedrugstore.com\/en\/wp-json\/wp\/v2\/product_tag?post=10283"}],"curies":[{"name":"wp","href":"https:\/\/api.w.org\/{rel}","templated":true}]}}