{"id":1242,"date":"2022-11-28T23:52:40","date_gmt":"2022-11-28T23:52:40","guid":{"rendered":"https:\/\/ravedrugstore.com\/shop\/keta-pasando-%ea%a7%82\/"},"modified":"2024-06-13T19:18:43","modified_gmt":"2024-06-13T19:18:43","slug":"keta-pasando-tee","status":"publish","type":"product","link":"https:\/\/ravedrugstore.com\/en\/shop\/keta-pasando-tee\/","title":{"rendered":"KETA PASANDO TEE"},"content":{"rendered":"<p>SI LO ENTIENDES, LO QUIERES, no?\u00bf<\/p>\n<p>\ud83d\ude09<\/p>\n<p>Esta camiseta es todo lo que has so\u00f1ado puesto y m\u00e1s. Es suave y ligera, con la cantidad correcta de elasticidad. Adem\u00e1s, es c\u00f3moda y realza la figura de todo el que la lleva puesta.<\/p>\n<p>\u2022 100% algod\u00f3n peinado e hilado en anillo (los colores Heather contiene poli\u00e9ster)<br \/>\n\u2022 Peso del tejido: 190 g\/m\u00b2 (5 oz\/yd\u00b2)<br \/>\n\u2022 Tela preencogida.<br \/>\n\u2022 Tapacosturas reforzado en hombros y cuello.<br \/>\n\u2022 Costuras laterales.<br \/>\n\u2022 Fabricada en Portugal.<\/p>","protected":false},"excerpt":{"rendered":"<p>ADICTO A LAS CARRERAS DE CABALLOS?<\/p>\n<p>INSPIRADO EN LA INSPIRACION<\/p>\n<p>\u2022 MAXI OVERSIZE CUT<br \/>\n\u2022 100% algod\u00f3n hilado en anillo<br \/>\n\u2022 190 g\/m\u00b2 (5 oz\/yd\u00b2)<br \/>\n\u2022 Tapacosturas reforzado de hombro a hombro<br \/>\n\u2022 Ha pasado el proceso de girado de un cuarto para eliminar el pliegue central<br \/>\n\u2022 Fabricado en Portugal.<\/p>","protected":false},"featured_media":6832,"comment_status":"open","ping_status":"closed","template":"","meta":{"_monsterinsights_skip_tracking":false,"_monsterinsights_sitenote_active":false,"_monsterinsights_sitenote_note":"","_monsterinsights_sitenote_category":0},"product_cat":[297,151,154,92,153],"product_tag":[],"_links":{"self":[{"href":"https:\/\/ravedrugstore.com\/en\/wp-json\/wp\/v2\/product\/1242"}],"collection":[{"href":"https:\/\/ravedrugstore.com\/en\/wp-json\/wp\/v2\/product"}],"about":[{"href":"https:\/\/ravedrugstore.com\/en\/wp-json\/wp\/v2\/types\/product"}],"replies":[{"embeddable":true,"href":"https:\/\/ravedrugstore.com\/en\/wp-json\/wp\/v2\/comments?post=1242"}],"wp:featuredmedia":[{"embeddable":true,"href":"https:\/\/ravedrugstore.com\/en\/wp-json\/wp\/v2\/media\/6832"}],"wp:attachment":[{"href":"https:\/\/ravedrugstore.com\/en\/wp-json\/wp\/v2\/media?parent=1242"}],"wp:term":[{"taxonomy":"product_cat","embeddable":true,"href":"https:\/\/ravedrugstore.com\/en\/wp-json\/wp\/v2\/product_cat?post=1242"},{"taxonomy":"product_tag","embeddable":true,"href":"https:\/\/ravedrugstore.com\/en\/wp-json\/wp\/v2\/product_tag?post=1242"}],"curies":[{"name":"wp","href":"https:\/\/api.w.org\/{rel}","templated":true}]}}