{"id":1505,"date":"2022-12-06T23:08:46","date_gmt":"2022-12-06T23:08:46","guid":{"rendered":"https:\/\/ravedrugstore.com\/shop\/shirt-basic-logo\/"},"modified":"2024-06-13T19:23:23","modified_gmt":"2024-06-13T19:23:23","slug":"shirt-basic-logo","status":"publish","type":"product","link":"https:\/\/ravedrugstore.com\/en\/shop\/shirt-basic-logo\/","title":{"rendered":"[zOLD OUT] SHIRT &#8211; BASIC LOGO"},"content":{"rendered":"<p>Esta camiseta es la base de todas las dem\u00e1s!<br \/>\nLa primera, por la que todo empez\u00f3.<\/p>\n<p>Adem\u00e1s, es suave y ligera, para que no te pese, con la cantidad correcta de elasticidad, para que puedas moverte y darlo todo sin problemas.<br \/>\nEs c\u00f3moda, agradable y realza la figura de todo el que la lleva puesta. (aunque eso en una rave no importa.<\/p>\n<p>\u2022 100% algod\u00f3n peinado e hilado en anillo (los colores Heather contiene poli\u00e9ster)<br \/>\n\u2022 Peso del tejido: 142 g\/m\u00b2 (4,2 oz\/yd\u00b2)<br \/>\n\u2022 Tela preencogida.<br \/>\n\u2022 Tapacosturas reforzado en hombros y cuello.<br \/>\n\u2022 Costuras laterales.<br \/>\n\u2022 Producto base procedente de Guatemala, Nicaragua, M\u00e9xico, Honduras o EEUU.<\/p>","protected":false},"excerpt":{"rendered":"<p>Esta camiseta es la base de todas las dem\u00e1s! La primera, por la que todo empez\u00f3. Adem\u00e1s, es suave y ligera, para que no te pese,<span class=\"excerpt-hellip\"> [\u2026]<\/span><\/p>","protected":false},"featured_media":1552,"comment_status":"open","ping_status":"closed","template":"","meta":{"_monsterinsights_skip_tracking":false,"_monsterinsights_sitenote_active":false,"_monsterinsights_sitenote_note":"","_monsterinsights_sitenote_category":0},"product_cat":[148],"product_tag":[],"_links":{"self":[{"href":"https:\/\/ravedrugstore.com\/en\/wp-json\/wp\/v2\/product\/1505"}],"collection":[{"href":"https:\/\/ravedrugstore.com\/en\/wp-json\/wp\/v2\/product"}],"about":[{"href":"https:\/\/ravedrugstore.com\/en\/wp-json\/wp\/v2\/types\/product"}],"replies":[{"embeddable":true,"href":"https:\/\/ravedrugstore.com\/en\/wp-json\/wp\/v2\/comments?post=1505"}],"wp:featuredmedia":[{"embeddable":true,"href":"https:\/\/ravedrugstore.com\/en\/wp-json\/wp\/v2\/media\/1552"}],"wp:attachment":[{"href":"https:\/\/ravedrugstore.com\/en\/wp-json\/wp\/v2\/media?parent=1505"}],"wp:term":[{"taxonomy":"product_cat","embeddable":true,"href":"https:\/\/ravedrugstore.com\/en\/wp-json\/wp\/v2\/product_cat?post=1505"},{"taxonomy":"product_tag","embeddable":true,"href":"https:\/\/ravedrugstore.com\/en\/wp-json\/wp\/v2\/product_tag?post=1505"}],"curies":[{"name":"wp","href":"https:\/\/api.w.org\/{rel}","templated":true}]}}