{"id":2133,"date":"2022-12-07T12:34:31","date_gmt":"2022-12-07T12:34:31","guid":{"rendered":"https:\/\/ravedrugstore.com\/shop\/shirt-wid-bag\/"},"modified":"2023-06-01T01:12:39","modified_gmt":"2023-06-01T01:12:39","slug":"shirt-wid-bag","status":"publish","type":"product","link":"https:\/\/ravedrugstore.com\/en\/shop\/shirt-wid-bag\/","title":{"rendered":"SHIRT &#8211; WID BAG"},"content":{"rendered":"<p>Te gustan las flores?<\/p>\n<p>LOGOTIPO ENTRE FLORES<\/p>\n<p>Esencial.<\/p>\n<p>Est\u00e1 fabricada con algod\u00f3n grueso y resistente, pero su tacto sigue siendo muy suave.<br \/>\nEl pespunte doble en el cuello y las mangas le a\u00f1aden mayor durabilidad para los tirones de tus amigxs en la rave. Uno de tus favoritos en el armario con seguridad.<\/p>\n<p>\u2022 100% algod\u00f3n hilado en anillo.<br \/>\n\u2022 El color Sport Grey est\u00e1 compuesto de 90% algod\u00f3n hilado en anillos y 10% poli\u00e9ster.<br \/>\n\u2022 Dark heather contiene 65% poli\u00e9ster y 35% algod\u00f3n.<br \/>\n\u2022 153 g\/m\u00b2 (4,5 oz\/yd\u00b2).<br \/>\n\u2022 Tapacosturas reforzado de hombro a hombro.<br \/>\n\u2022 Ha pasado el proceso de girado de un cuarto para eliminar el pliegue central.<br \/>\n\u2022 Producto base procedente de Banglad\u00e9s, Honduras, Hait\u00ed, M\u00e9xico o Nicaragua.<\/p>","protected":false},"excerpt":{"rendered":"<p>Te gustan las flores? LOGOTIPO ENTRE FLORES Esencial. Est\u00e1 fabricada con algod\u00f3n grueso y resistente, pero su tacto sigue siendo muy suave. El pespunte doble en<span class=\"excerpt-hellip\"> [\u2026]<\/span><\/p>","protected":false},"featured_media":2166,"comment_status":"open","ping_status":"closed","template":"","meta":{"_monsterinsights_skip_tracking":false,"_monsterinsights_sitenote_active":false,"_monsterinsights_sitenote_note":"","_monsterinsights_sitenote_category":0},"product_cat":[148],"product_tag":[],"_links":{"self":[{"href":"https:\/\/ravedrugstore.com\/en\/wp-json\/wp\/v2\/product\/2133"}],"collection":[{"href":"https:\/\/ravedrugstore.com\/en\/wp-json\/wp\/v2\/product"}],"about":[{"href":"https:\/\/ravedrugstore.com\/en\/wp-json\/wp\/v2\/types\/product"}],"replies":[{"embeddable":true,"href":"https:\/\/ravedrugstore.com\/en\/wp-json\/wp\/v2\/comments?post=2133"}],"wp:featuredmedia":[{"embeddable":true,"href":"https:\/\/ravedrugstore.com\/en\/wp-json\/wp\/v2\/media\/2166"}],"wp:attachment":[{"href":"https:\/\/ravedrugstore.com\/en\/wp-json\/wp\/v2\/media?parent=2133"}],"wp:term":[{"taxonomy":"product_cat","embeddable":true,"href":"https:\/\/ravedrugstore.com\/en\/wp-json\/wp\/v2\/product_cat?post=2133"},{"taxonomy":"product_tag","embeddable":true,"href":"https:\/\/ravedrugstore.com\/en\/wp-json\/wp\/v2\/product_tag?post=2133"}],"curies":[{"name":"wp","href":"https:\/\/api.w.org\/{rel}","templated":true}]}}