{"id":2265,"date":"2022-12-07T12:40:53","date_gmt":"2022-12-07T12:40:53","guid":{"rendered":"https:\/\/ravedrugstore.com\/shop\/shirt-fenix-logo-old\/"},"modified":"2024-09-16T08:17:18","modified_gmt":"2024-09-16T08:17:18","slug":"shirt-fenix-logo-old","status":"publish","type":"product","link":"https:\/\/ravedrugstore.com\/en\/shop\/shirt-fenix-logo-old\/","title":{"rendered":"FENIX LOGO TEE"},"content":{"rendered":"<p>Uno de los primeros dise\u00f1os que vendimos ya hace 1 a\u00f1o por Londres y Berl\u00edn.<\/p>\n<p>LOGO ANTIGUO con FENIX<\/p>\n<p>Prenda esencial para tu fondo de armario. Est\u00e1 fabricada con algod\u00f3n grueso, pero su tacto sigue siendo muy suave. El pespunte doble en el cuello y las mangas le a\u00f1aden mayor durabilidad por lo que pronto se convertir\u00e1 en una de tus prendas favoritas.<\/p>\n<p>\u2022 100% algod\u00f3n hilado en anillo<br \/>\n\u2022 El color Sport Grey est\u00e1 compuesto de 90% algod\u00f3n hilado en anillos y 10% poli\u00e9ster<br \/>\n\u2022 Dark heather contiene 65% poli\u00e9ster y 35% algod\u00f3n<br \/>\n\u2022 180 g\/m\u00b2 (4,5 oz\/yd\u00b2)<br \/>\n\u2022 Tapacosturas reforzado de hombro a hombro<br \/>\n\u2022 Ha pasado el proceso de girado de un cuarto para eliminar el pliegue central<br \/>\n\u2022 Fabricado en Portugal.<\/p>","protected":false},"excerpt":{"rendered":"<p>F*CK REGGAETON<br \/>\nLONG LIVE TECHNO!<\/p>\n<p>\u2022 100% algod\u00f3n hilado en anillo<br \/>\n\u2022 180 g\/m\u00b2 (4,5 oz\/yd\u00b2)<br \/>\n\u2022 Tapacosturas reforzado de hombro a hombro<br \/>\n\u2022 Ha pasado el proceso de girado de un cuarto para eliminar el pliegue central<br \/>\n\u2022 Fabricado en Portugal.<\/p>","protected":false},"featured_media":5584,"comment_status":"open","ping_status":"closed","template":"","meta":{"_monsterinsights_skip_tracking":false,"_monsterinsights_sitenote_active":false,"_monsterinsights_sitenote_note":"","_monsterinsights_sitenote_category":0},"product_cat":[151,154],"product_tag":[],"_links":{"self":[{"href":"https:\/\/ravedrugstore.com\/en\/wp-json\/wp\/v2\/product\/2265"}],"collection":[{"href":"https:\/\/ravedrugstore.com\/en\/wp-json\/wp\/v2\/product"}],"about":[{"href":"https:\/\/ravedrugstore.com\/en\/wp-json\/wp\/v2\/types\/product"}],"replies":[{"embeddable":true,"href":"https:\/\/ravedrugstore.com\/en\/wp-json\/wp\/v2\/comments?post=2265"}],"wp:featuredmedia":[{"embeddable":true,"href":"https:\/\/ravedrugstore.com\/en\/wp-json\/wp\/v2\/media\/5584"}],"wp:attachment":[{"href":"https:\/\/ravedrugstore.com\/en\/wp-json\/wp\/v2\/media?parent=2265"}],"wp:term":[{"taxonomy":"product_cat","embeddable":true,"href":"https:\/\/ravedrugstore.com\/en\/wp-json\/wp\/v2\/product_cat?post=2265"},{"taxonomy":"product_tag","embeddable":true,"href":"https:\/\/ravedrugstore.com\/en\/wp-json\/wp\/v2\/product_tag?post=2265"}],"curies":[{"name":"wp","href":"https:\/\/api.w.org\/{rel}","templated":true}]}}