{"id":3574,"date":"2022-12-07T15:52:40","date_gmt":"2022-12-07T15:52:40","guid":{"rendered":"https:\/\/ravedrugstore.com\/shop\/shirt-its-tussy\/"},"modified":"2024-06-13T19:16:40","modified_gmt":"2024-06-13T19:16:40","slug":"tussy-tee","status":"publish","type":"product","link":"https:\/\/ravedrugstore.com\/en\/shop\/tussy-tee\/","title":{"rendered":"ITS TUSSY OVERSIZE TEE"},"content":{"rendered":"<p>WHAT IS STUSSY?<br \/>\nJUST GIVE ME TUSSY!<\/p>\n<p>Est\u00e1 fabricada con algod\u00f3n grueso y resistente, pero su tacto sigue siendo muy suave.<br \/>\nEl pespunte doble en el cuello y las mangas le a\u00f1aden mayor durabilidad para los tirones de tus amigxs en la rave. Uno de tus favoritos en el armario con seguridad.<\/p>\n<p>\u2022 100% algod\u00f3n hilado en anillo.<br \/>\n\u2022 El color Sport Grey est\u00e1 compuesto de 90% algod\u00f3n hilado en anillos y 10% poli\u00e9ster.<br \/>\n\u2022 Dark heather contiene 65% poli\u00e9ster y 35% algod\u00f3n<br \/>\n\u2022 190 g\/m\u00b2 (5 oz\/yd\u00b2).<br \/>\n\u2022 Tapacosturas reforzado de hombro a hombro.<br \/>\n\u2022 Ha pasado el proceso de girado de un cuarto para eliminar el pliegue central.<br \/>\n\u2022 Fabricada en Portugal.<\/p>","protected":false},"excerpt":{"rendered":"<p>ADICTO A VOLAR?<\/p>\n<p>INSPIRADO EN EL LOGO DE STUSSY<\/p>\n<p>\u2022 MAXI OVERSIZE CUT<br \/>\n\u2022 100% algod\u00f3n hilado en anillo<br \/>\n\u2022 190 g\/m\u00b2 (5 oz\/yd\u00b2)<br \/>\n\u2022 Tapacosturas reforzado de hombro a hombro<br \/>\n\u2022 Ha pasado el proceso de girado de un cuarto para eliminar el pliegue central<br \/>\n\u2022 Fabricado en Portugal.<\/p>","protected":false},"featured_media":6831,"comment_status":"open","ping_status":"closed","template":"","meta":{"_monsterinsights_skip_tracking":false,"_monsterinsights_sitenote_active":false,"_monsterinsights_sitenote_note":"","_monsterinsights_sitenote_category":0},"product_cat":[297,151,154,92,153],"product_tag":[],"_links":{"self":[{"href":"https:\/\/ravedrugstore.com\/en\/wp-json\/wp\/v2\/product\/3574"}],"collection":[{"href":"https:\/\/ravedrugstore.com\/en\/wp-json\/wp\/v2\/product"}],"about":[{"href":"https:\/\/ravedrugstore.com\/en\/wp-json\/wp\/v2\/types\/product"}],"replies":[{"embeddable":true,"href":"https:\/\/ravedrugstore.com\/en\/wp-json\/wp\/v2\/comments?post=3574"}],"wp:featuredmedia":[{"embeddable":true,"href":"https:\/\/ravedrugstore.com\/en\/wp-json\/wp\/v2\/media\/6831"}],"wp:attachment":[{"href":"https:\/\/ravedrugstore.com\/en\/wp-json\/wp\/v2\/media?parent=3574"}],"wp:term":[{"taxonomy":"product_cat","embeddable":true,"href":"https:\/\/ravedrugstore.com\/en\/wp-json\/wp\/v2\/product_cat?post=3574"},{"taxonomy":"product_tag","embeddable":true,"href":"https:\/\/ravedrugstore.com\/en\/wp-json\/wp\/v2\/product_tag?post=3574"}],"curies":[{"name":"wp","href":"https:\/\/api.w.org\/{rel}","templated":true}]}}