{"id":5542,"date":"2022-12-07T23:25:58","date_gmt":"2022-12-07T23:25:58","guid":{"rendered":"https:\/\/ravedrugstore.com\/shop\/premium-eco-hoodie-hallway\/"},"modified":"2024-06-13T19:12:03","modified_gmt":"2024-06-13T19:12:03","slug":"premium-eco-hoodie-hallway","status":"publish","type":"product","link":"https:\/\/ravedrugstore.com\/en\/shop\/premium-eco-hoodie-hallway\/","title":{"rendered":"PREMIUM ECO HOODIE &#8211; HALLWAY"},"content":{"rendered":"<p>Sudadera con capucha HALLWAY, pieza de la colecci\u00f3n TRIPPY COLD WINTER.<\/p>\n<p>Te presentamos la sudadera con capucha premium eco, elaborada en materiales org\u00e1nicos y reciclados. Con un corte c\u00f3modo, bien abrigada, bolsillo delantero para tus vicios y capucha de doble capa, la sudadera con capucha es una pieza b\u00e1sica de las raves y festivales que se puede combinar con cualquier tipo de musica o reuni\u00f3n de homies.<\/p>\n<p>\u2022 85% algod\u00f3n org\u00e1nico, 15% poli\u00e9ster reciclado.<br \/>\n\u2022 Ribetes acanalados: 97% algod\u00f3n org\u00e1nico, 3% elastano.<br \/>\n\u2022 Tejido de felpa cepillada en el interior.<br \/>\n\u2022 Corte unisex c\u00f3modo.<br \/>\n\u2022 Capucha de doble capa.<br \/>\n\u2022 Cordones planos con ojales de metal para un acabado premium.<br \/>\n\u2022 Bolsillo canguro.<br \/>\n\u2022 Parche de etiqueta interior y exterior.<br \/>\n\u2022 Etiqueta de cuidado extra\u00edble.<\/p>","protected":false},"excerpt":{"rendered":"<p>Sudadera con capucha HALLWAY, pieza de la colecci\u00f3n TRIPPY COLD WINTER. Te presentamos la sudadera con capucha premium eco, elaborada en materiales org\u00e1nicos y reciclados. Con<span class=\"excerpt-hellip\"> [\u2026]<\/span><\/p>","protected":false},"featured_media":6575,"comment_status":"open","ping_status":"closed","template":"","meta":{"_monsterinsights_skip_tracking":false,"_monsterinsights_sitenote_active":false,"_monsterinsights_sitenote_note":"","_monsterinsights_sitenote_category":0},"product_cat":[151,155,92,153],"product_tag":[],"_links":{"self":[{"href":"https:\/\/ravedrugstore.com\/en\/wp-json\/wp\/v2\/product\/5542"}],"collection":[{"href":"https:\/\/ravedrugstore.com\/en\/wp-json\/wp\/v2\/product"}],"about":[{"href":"https:\/\/ravedrugstore.com\/en\/wp-json\/wp\/v2\/types\/product"}],"replies":[{"embeddable":true,"href":"https:\/\/ravedrugstore.com\/en\/wp-json\/wp\/v2\/comments?post=5542"}],"wp:featuredmedia":[{"embeddable":true,"href":"https:\/\/ravedrugstore.com\/en\/wp-json\/wp\/v2\/media\/6575"}],"wp:attachment":[{"href":"https:\/\/ravedrugstore.com\/en\/wp-json\/wp\/v2\/media?parent=5542"}],"wp:term":[{"taxonomy":"product_cat","embeddable":true,"href":"https:\/\/ravedrugstore.com\/en\/wp-json\/wp\/v2\/product_cat?post=5542"},{"taxonomy":"product_tag","embeddable":true,"href":"https:\/\/ravedrugstore.com\/en\/wp-json\/wp\/v2\/product_tag?post=5542"}],"curies":[{"name":"wp","href":"https:\/\/api.w.org\/{rel}","templated":true}]}}