{"id":556,"date":"2022-11-20T20:08:56","date_gmt":"2022-11-20T20:08:56","guid":{"rendered":"https:\/\/ravedrugstore.com\/shop\/camiseta-drugstore-system\/"},"modified":"2024-06-29T15:42:01","modified_gmt":"2024-06-29T15:42:01","slug":"drugstore-system-tee","status":"publish","type":"product","link":"https:\/\/ravedrugstore.com\/en\/shop\/drugstore-system-tee\/","title":{"rendered":"DRUGSTORE SYSTEM TEE"},"content":{"rendered":"<p>Esta camiseta es todo lo que has so\u00f1ado y m\u00e1s. Es suave y ligera, con la cantidad correcta de elasticidad. Adem\u00e1s, es c\u00f3moda y realza la figura de todo el que la lleva puesta.<\/p>\n<p>\u2022 100% algod\u00f3n peinado e hilado en anillo (los colores Heather contiene poli\u00e9ster)<br \/>\n\u2022 Peso del tejido: 195 g\/m\u00b2 (5 oz\/yd\u00b2)<br \/>\n\u2022 Tela preencogida<br \/>\n\u2022 Tapacosturas reforzado en hombros y cuello<br \/>\n\u2022 Costuras laterales<br \/>\n\u2022 Ha pasado el proceso de girado de un cuarto para eliminar el pliegue central<br \/>\n\u2022 Fabricado en Portugal.<\/p>","protected":false},"excerpt":{"rendered":"<p>OUR SOUNDSYSTEM AI MACHINE<\/p>\n<p>\u2022 100% algod\u00f3n hilado en anillo<br \/>\n\u2022 195 g\/m\u00b2 (5 oz\/yd\u00b2)<br \/>\n\u2022 Tapacosturas reforzado de hombro a hombro<br \/>\n\u2022 Ha pasado el proceso de girado de un cuarto para eliminar el pliegue central<br \/>\n\u2022 Fabricado en Portugal.<\/p>","protected":false},"featured_media":568,"comment_status":"open","ping_status":"closed","template":"","meta":{"_monsterinsights_skip_tracking":false,"_monsterinsights_sitenote_active":false,"_monsterinsights_sitenote_note":"","_monsterinsights_sitenote_category":0},"product_cat":[151,154],"product_tag":[],"_links":{"self":[{"href":"https:\/\/ravedrugstore.com\/en\/wp-json\/wp\/v2\/product\/556"}],"collection":[{"href":"https:\/\/ravedrugstore.com\/en\/wp-json\/wp\/v2\/product"}],"about":[{"href":"https:\/\/ravedrugstore.com\/en\/wp-json\/wp\/v2\/types\/product"}],"replies":[{"embeddable":true,"href":"https:\/\/ravedrugstore.com\/en\/wp-json\/wp\/v2\/comments?post=556"}],"wp:featuredmedia":[{"embeddable":true,"href":"https:\/\/ravedrugstore.com\/en\/wp-json\/wp\/v2\/media\/568"}],"wp:attachment":[{"href":"https:\/\/ravedrugstore.com\/en\/wp-json\/wp\/v2\/media?parent=556"}],"wp:term":[{"taxonomy":"product_cat","embeddable":true,"href":"https:\/\/ravedrugstore.com\/en\/wp-json\/wp\/v2\/product_cat?post=556"},{"taxonomy":"product_tag","embeddable":true,"href":"https:\/\/ravedrugstore.com\/en\/wp-json\/wp\/v2\/product_tag?post=556"}],"curies":[{"name":"wp","href":"https:\/\/api.w.org\/{rel}","templated":true}]}}