{"id":5880,"date":"2022-12-08T01:19:47","date_gmt":"2022-12-08T01:19:47","guid":{"rendered":"https:\/\/ravedrugstore.com\/shop\/tote-bag-eco-supr-emedemea\/"},"modified":"2024-06-13T19:09:12","modified_gmt":"2024-06-13T19:09:12","slug":"tote-bag-eco-supr-emedemea","status":"publish","type":"product","link":"https:\/\/ravedrugstore.com\/en\/shop\/tote-bag-eco-supr-emedemea\/","title":{"rendered":"TOTE BAG ECO &#8211; SUPR EMEDEMEA"},"content":{"rendered":"<p>SUPREME!? WHAT SUPREME!?<br \/>\nGIVE ME SUPR EMEDEMEA.<\/p>\n<p>Apuesta por lo eco friendly con esta bolsa de tela org\u00e1nica.<br \/>\nFabricada con material duradero de alta calidad, tiene un refuerzo inferior que hace que la bolsa sea m\u00e1s espaciosa y dura que la mayor\u00eda para todos tus mejores eventos o el complemento ideal para diario.<\/p>\n<p>La mejor bolsa para cualquier situaci\u00f3n.<\/p>\n<p>\u2022 Material ligero y fino<br \/>\n\u2022 100% algod\u00f3n org\u00e1nico<br \/>\n\u2022 Aspecto monocrom\u00e1tico<br \/>\n\u2022 Compartimento principal abierto con fondo ancho<br \/>\n\u2022 Peso del tejido: 170 g\/m\u00b2 (5,01 oz\/yd\u00b2)<br \/>\n\u2022 Dimensiones del producto: 36 cm \u00d7 40 cm \u00d7 7 cm (14&#8243; \u00d7 15 \u00be\u00bb \u00d7 2 \u00be\u00bb)<br \/>\n\u2022 Componentes del producto base procedentes de India<\/p>","protected":false},"excerpt":{"rendered":"<p>SUPREME!? WHAT SUPREME!? GIVE ME SUPR EMEDEMEA. Apuesta por lo eco friendly con esta bolsa de tela org\u00e1nica. Fabricada con material duradero de alta calidad, tiene<span class=\"excerpt-hellip\"> [\u2026]<\/span><\/p>","protected":false},"featured_media":5888,"comment_status":"open","ping_status":"closed","template":"","meta":{"_monsterinsights_skip_tracking":false,"_monsterinsights_sitenote_active":false,"_monsterinsights_sitenote_note":"","_monsterinsights_sitenote_category":0},"product_cat":[151,160,92,153],"product_tag":[],"_links":{"self":[{"href":"https:\/\/ravedrugstore.com\/en\/wp-json\/wp\/v2\/product\/5880"}],"collection":[{"href":"https:\/\/ravedrugstore.com\/en\/wp-json\/wp\/v2\/product"}],"about":[{"href":"https:\/\/ravedrugstore.com\/en\/wp-json\/wp\/v2\/types\/product"}],"replies":[{"embeddable":true,"href":"https:\/\/ravedrugstore.com\/en\/wp-json\/wp\/v2\/comments?post=5880"}],"wp:featuredmedia":[{"embeddable":true,"href":"https:\/\/ravedrugstore.com\/en\/wp-json\/wp\/v2\/media\/5888"}],"wp:attachment":[{"href":"https:\/\/ravedrugstore.com\/en\/wp-json\/wp\/v2\/media?parent=5880"}],"wp:term":[{"taxonomy":"product_cat","embeddable":true,"href":"https:\/\/ravedrugstore.com\/en\/wp-json\/wp\/v2\/product_cat?post=5880"},{"taxonomy":"product_tag","embeddable":true,"href":"https:\/\/ravedrugstore.com\/en\/wp-json\/wp\/v2\/product_tag?post=5880"}],"curies":[{"name":"wp","href":"https:\/\/api.w.org\/{rel}","templated":true}]}}