{"id":5936,"date":"2022-12-08T02:22:00","date_gmt":"2022-12-08T02:22:00","guid":{"rendered":"https:\/\/ravedrugstore.com\/shop\/puzzle-520pcs\/"},"modified":"2023-08-16T10:28:26","modified_gmt":"2023-08-16T10:28:26","slug":"puzzle-520pcs","status":"publish","type":"product","link":"https:\/\/ravedrugstore.com\/en\/shop\/puzzle-520pcs\/","title":{"rendered":"[zOLD OUT] PUZZLE 520PCS &#8211; OREGANO GREAT AGAIN"},"content":{"rendered":"<p>Montar puzles es la actividad perfecta para reforzar los v\u00ednculos entre colegas, conocidos y familiares.<\/p>\n<p>Disfruta y vu\u00e9lvete loco con un puzzle \u00fanico y complejo nivel medio\u2026<\/p>\n<p>Una textura dificil de completar, aunque las letras facilitan mucho el proceso.<br \/>\nAceptas el reto?<\/p>\n<p>\u2022 Papel prensado aglomerado con adhesivo, 1,53 mm (0,06\u2033) de grosor<br \/>\n\u2022 Peso del puzle de 252 piezas: 27\u00d734,6 cm (10,62\u00d713,62&#8243;)<br \/>\n\u2022 Tama\u00f1o del puzle de 520 piezas: 40\u00d750,1 cm (15,74\u00d719,74&#8243;)<br \/>\n\u2022 Impresi\u00f3n digital<br \/>\n\u2022 Acabado semibrillante<br \/>\n\u2022 Colores vivos<br \/>\n\u2022 Puede utilizarse como decoraci\u00f3n de pared<br \/>\n\u2022 Componentes del producto base procedentes de EEUU<\/p>\n<p>Advertencia: Peligro de asfixia por piezas peque\u00f1as. No apto para ni\u00f1os menores de 3 a\u00f1os.<\/p>\n<p>Importante: este producto solo est\u00e1 disponible en EEUU. Si tu direcci\u00f3n de env\u00edo est\u00e1 fuera de esta regi\u00f3n, elige un producto diferente.<\/p>","protected":false},"excerpt":{"rendered":"<p>Montar puzles es la actividad perfecta para reforzar los v\u00ednculos entre colegas, conocidos y familiares. Disfruta y vu\u00e9lvete loco con un puzzle \u00fanico y complejo nivel<span class=\"excerpt-hellip\"> [\u2026]<\/span><\/p>","protected":false},"featured_media":5937,"comment_status":"open","ping_status":"closed","template":"","meta":{"_monsterinsights_skip_tracking":false,"_monsterinsights_sitenote_active":false,"_monsterinsights_sitenote_note":"","_monsterinsights_sitenote_category":0},"product_cat":[151,161],"product_tag":[],"_links":{"self":[{"href":"https:\/\/ravedrugstore.com\/en\/wp-json\/wp\/v2\/product\/5936"}],"collection":[{"href":"https:\/\/ravedrugstore.com\/en\/wp-json\/wp\/v2\/product"}],"about":[{"href":"https:\/\/ravedrugstore.com\/en\/wp-json\/wp\/v2\/types\/product"}],"replies":[{"embeddable":true,"href":"https:\/\/ravedrugstore.com\/en\/wp-json\/wp\/v2\/comments?post=5936"}],"wp:featuredmedia":[{"embeddable":true,"href":"https:\/\/ravedrugstore.com\/en\/wp-json\/wp\/v2\/media\/5937"}],"wp:attachment":[{"href":"https:\/\/ravedrugstore.com\/en\/wp-json\/wp\/v2\/media?parent=5936"}],"wp:term":[{"taxonomy":"product_cat","embeddable":true,"href":"https:\/\/ravedrugstore.com\/en\/wp-json\/wp\/v2\/product_cat?post=5936"},{"taxonomy":"product_tag","embeddable":true,"href":"https:\/\/ravedrugstore.com\/en\/wp-json\/wp\/v2\/product_tag?post=5936"}],"curies":[{"name":"wp","href":"https:\/\/api.w.org\/{rel}","templated":true}]}}