{"id":5953,"date":"2022-12-08T03:23:33","date_gmt":"2022-12-08T03:23:33","guid":{"rendered":"https:\/\/ravedrugstore.com\/shop\/fanny-pack-lssd\/"},"modified":"2023-08-16T10:41:56","modified_gmt":"2023-08-16T10:41:56","slug":"fanny-pack-lssd","status":"publish","type":"product","link":"https:\/\/ravedrugstore.com\/en\/shop\/fanny-pack-lssd\/","title":{"rendered":"[zOLD OUT] FANNY PACK &#8211; LSSD"},"content":{"rendered":"<p>Ri\u00f1onera LSSD<\/p>\n<p>Las ri\u00f1oneras son el accesorio perfecto para los m\u00e1s astutos y aventureros.<br \/>\nEsta ri\u00f1onera lo tiene todo: el tama\u00f1o perfecto para que te entre dende el movil al agua, un bolsillo interior para tus vicios y una cinta regulable. Ideal para raverxs, amantes de los festivales y los que siempre van con algo encima.<\/p>\n<p>\u2022 100% poli\u00e9ster<br \/>\n\u2022 Peso del tejido: 325 g\/m\u00b2 (9,56 oz\/yd\u00b2), el peso podr\u00eda variar en un 5%<br \/>\n\u2022 Medidas: 16cm (6.5\u2033) de alto, 33 cm (13\u2033) de ancho, 7 cm (2\u00be\u2033) de di\u00e1metro<br \/>\n\u2022 Material resistente al agua<br \/>\n\u2022 Cremallera superior con dos cursores<br \/>\n\u2022 Bolsillo interior personalizable sin cremallera<br \/>\n\u2022 Forro sedoso, ribeteado en el interior de los dobladillos<br \/>\n\u2022 Cinta ajustable de 2,54 cm (1\u00bc\u00bb) con reguladores de pl\u00e1stico<br \/>\n\u2022 Componentes del producto base procedentes de China<\/p>","protected":false},"excerpt":{"rendered":"<p>Ri\u00f1onera LSSD Las ri\u00f1oneras son el accesorio perfecto para los m\u00e1s astutos y aventureros. Esta ri\u00f1onera lo tiene todo: el tama\u00f1o perfecto para que te entre<span class=\"excerpt-hellip\"> [\u2026]<\/span><\/p>","protected":false},"featured_media":5957,"comment_status":"open","ping_status":"closed","template":"","meta":{"_monsterinsights_skip_tracking":false,"_monsterinsights_sitenote_active":false,"_monsterinsights_sitenote_note":"","_monsterinsights_sitenote_category":0},"product_cat":[151,160],"product_tag":[],"_links":{"self":[{"href":"https:\/\/ravedrugstore.com\/en\/wp-json\/wp\/v2\/product\/5953"}],"collection":[{"href":"https:\/\/ravedrugstore.com\/en\/wp-json\/wp\/v2\/product"}],"about":[{"href":"https:\/\/ravedrugstore.com\/en\/wp-json\/wp\/v2\/types\/product"}],"replies":[{"embeddable":true,"href":"https:\/\/ravedrugstore.com\/en\/wp-json\/wp\/v2\/comments?post=5953"}],"wp:featuredmedia":[{"embeddable":true,"href":"https:\/\/ravedrugstore.com\/en\/wp-json\/wp\/v2\/media\/5957"}],"wp:attachment":[{"href":"https:\/\/ravedrugstore.com\/en\/wp-json\/wp\/v2\/media?parent=5953"}],"wp:term":[{"taxonomy":"product_cat","embeddable":true,"href":"https:\/\/ravedrugstore.com\/en\/wp-json\/wp\/v2\/product_cat?post=5953"},{"taxonomy":"product_tag","embeddable":true,"href":"https:\/\/ravedrugstore.com\/en\/wp-json\/wp\/v2\/product_tag?post=5953"}],"curies":[{"name":"wp","href":"https:\/\/api.w.org\/{rel}","templated":true}]}}