{"id":6690,"date":"2023-05-21T23:01:20","date_gmt":"2023-05-21T23:01:20","guid":{"rendered":"https:\/\/ravedrugstore.com\/?post_type=product&#038;p=6690"},"modified":"2026-03-27T17:12:53","modified_gmt":"2026-03-27T17:12:53","slug":"rave-glasses-space-grey","status":"publish","type":"product","link":"https:\/\/ravedrugstore.com\/en\/shop\/rave-glasses-space-grey\/","title":{"rendered":"RAVE GLASSES &#8211; SPACE GREY"},"content":{"rendered":"<h6>Estas gafas de estilo<strong> retro-futurista<\/strong> combinan a la perfecci\u00f3n la est\u00e9tica ravera europea moderna y la est\u00e9tica de las noches de techno remember.<\/h6>\n<h6>El color de la montura <strong>SPACE GREY<\/strong> es un gris oscuro perlado, <strong>inspirado en los complementos de metal y los maletines de los platos de DJ<\/strong>. Acetato de alta calidad y brillo con resistencia a impactos y flexibilidad.<\/h6>\n<p>Los cristales son de espejo, claros, pero tapan los ojos y cuentan con protecci\u00f3n total <strong>UV400<\/strong>, contra los da\u00f1inos rayos solares.<\/p>\n<p><b>El accesorio m\u00e1s ic\u00f3nico e imprescindible de toda nuestra WEB . RAVE-GLASSES\u00bb!!!!<\/b><\/p>\n<p>&nbsp;<\/p>","protected":false},"excerpt":{"rendered":"<h5><strong>UN ICONO DE LA NOCHE Y UN IMPRESCINDIBLE PARA LOS AMANTES DE LA ELECTR\u00d3NICA.<\/strong><\/h5>\n<h6>Las gafas que has visto por las raves, por internet, los fines de semana en los garitos de TECHNO y en todas partes!!<strong>!<\/strong><\/h6>\n<h5><\/h5>","protected":false},"featured_media":6698,"comment_status":"open","ping_status":"closed","template":"","meta":{"_monsterinsights_skip_tracking":false,"_monsterinsights_sitenote_active":false,"_monsterinsights_sitenote_note":"","_monsterinsights_sitenote_category":0},"product_cat":[151,158,92],"product_tag":[169,167,168,166],"_links":{"self":[{"href":"https:\/\/ravedrugstore.com\/en\/wp-json\/wp\/v2\/product\/6690"}],"collection":[{"href":"https:\/\/ravedrugstore.com\/en\/wp-json\/wp\/v2\/product"}],"about":[{"href":"https:\/\/ravedrugstore.com\/en\/wp-json\/wp\/v2\/types\/product"}],"replies":[{"embeddable":true,"href":"https:\/\/ravedrugstore.com\/en\/wp-json\/wp\/v2\/comments?post=6690"}],"wp:featuredmedia":[{"embeddable":true,"href":"https:\/\/ravedrugstore.com\/en\/wp-json\/wp\/v2\/media\/6698"}],"wp:attachment":[{"href":"https:\/\/ravedrugstore.com\/en\/wp-json\/wp\/v2\/media?parent=6690"}],"wp:term":[{"taxonomy":"product_cat","embeddable":true,"href":"https:\/\/ravedrugstore.com\/en\/wp-json\/wp\/v2\/product_cat?post=6690"},{"taxonomy":"product_tag","embeddable":true,"href":"https:\/\/ravedrugstore.com\/en\/wp-json\/wp\/v2\/product_tag?post=6690"}],"curies":[{"name":"wp","href":"https:\/\/api.w.org\/{rel}","templated":true}]}}